{"id":173,"date":"2024-10-04T16:58:09","date_gmt":"2024-10-04T16:58:09","guid":{"rendered":"https:\/\/quaconrd.com\/?page_id=173"},"modified":"2025-09-09T02:25:01","modified_gmt":"2025-09-09T02:25:01","slug":"proyectos","status":"publish","type":"page","link":"https:\/\/quaconrd.com\/en\/proyectos\/","title":{"rendered":"Projects"},"content":{"rendered":"<p>[et_pb_section fb_built=\u00bb1&#8243; _builder_version=\u00bb4.27.0&#8243; background_color=\u00bbrgba(56,56,56,0.08)\u00bb custom_padding=\u00bb80px|0px|80px|0px|true|false\u00bb global_colors_info=\u00bb{}\u00bb][et_pb_row column_structure=\u00bb1_3,1_3,1_3&#8243; use_custom_gutter=\u00bbon\u00bb gutter_width=\u00bb2&#8243; _builder_version=\u00bb4.16&#8243; custom_margin=\u00bb|||\u00bb custom_padding=\u00bb|0px||0px|false|false\u00bb animation_direction=\u00bbleft\u00bb global_colors_info=\u00bb{}\u00bb][et_pb_column type=\u00bb1_3&#8243; _builder_version=\u00bb4.16&#8243; custom_padding=\u00bb|||\u00bb pac_dcm_carousel_specific_module_num=\u00bb0&#8243; global_colors_info=\u00bb{}\u00bb custom_padding__hover=\u00bb|||\u00bb][et_pb_blurb title=\u00bbBe Live Hotel Cofres\u00ed\u00bb image=\u00bbhttps:\/\/quaconrd.com\/wp-content\/uploads\/2024\/10\/Marriott-Collection-Hotel-101-rooms-Cap-Haitien.webp\u00bb content_max_width=\u00bb100%\u00bb _builder_version=\u00bb4.27.4&#8243; header_font=\u00bbAlbert Sans|600||on|||||\u00bb header_text_align=\u00bbcenter\u00bb header_text_color=\u00bbgcid-68fbaa77-8bae-46b1-9378-1c8e7397edc4&#8243; header_font_size=\u00bb20px\u00bb header_line_height=\u00bb1.6em\u00bb body_font=\u00bbRoboto Flex|300|||||||\u00bb body_text_align=\u00bbcenter\u00bb body_text_color=\u00bb#FFFFFF\u00bb body_font_size=\u00bb15px\u00bb body_line_height=\u00bb1.8em\u00bb background_color=\u00bbgcid-k81bkw27-b34c-4lyk-mni7-1v37c0q7wm0i\u00bb custom_padding=\u00bb||21px|\u00bb animation=\u00bboff\u00bb border_width_all=\u00bb15px\u00bb border_color_all=\u00bbgcid-68fbaa77-8bae-46b1-9378-1c8e7397edc4&#8243; global_colors_info=\u00bb{%22gcid-68fbaa77-8bae-46b1-9378-1c8e7397edc4%22:%91%22header_text_color%22,%22border_color_all%22%93,%22gcid-k81bkw27-b34c-4lyk-mni7-1v37c0q7wm0i%22:%91%22background_color%22%93}\u00bb]<\/p>\n<p><span class=\"fontstyle0\">Construction, design, and execution of Be Live Hotel Cofres\u00ed (101 rooms), Puerto Plata, <\/span>Dominican Republic<\/p>\n<p>[\/et_pb_blurb][\/et_pb_column][et_pb_column type=\u00bb1_3&#8243; _builder_version=\u00bb4.16&#8243; custom_padding=\u00bb|||\u00bb pac_dcm_carousel_specific_module_num=\u00bb0&#8243; global_colors_info=\u00bb{}\u00bb custom_padding__hover=\u00bb|||\u00bb][et_pb_blurb title=\u00bbASFALTADO DE CALLE\u00bb image=\u00bbhttps:\/\/quaconrd.com\/wp-content\/uploads\/2024\/10\/Trabajo-Quacon.webp\u00bb content_max_width=\u00bb100%\u00bb _builder_version=\u00bb4.27.0&#8243; header_font=\u00bbPoppins|600||on|||||\u00bb header_text_align=\u00bbcenter\u00bb header_text_color=\u00bb#000000&#8243; header_font_size=\u00bb20px\u00bb header_line_height=\u00bb1.6em\u00bb body_font=\u00bbRoboto Flex|300|||||||\u00bb body_text_align=\u00bbcenter\u00bb body_text_color=\u00bb#000000&#8243; body_font_size=\u00bb15px\u00bb body_line_height=\u00bb1.8em\u00bb background_color=\u00bb#ffffff\u00bb custom_padding=\u00bb||21px|\u00bb animation=\u00bboff\u00bb border_width_all=\u00bb15px\u00bb border_color_all=\u00bb#ffffff\u00bb global_colors_info=\u00bb{}\u00bb]<\/p>\n<p>A layer of high-strength asphalt, designed to withstand traffic and weather conditions.<\/p>\n<p>[\/et_pb_blurb][\/et_pb_column][et_pb_column type=\u00bb1_3&#8243; _builder_version=\u00bb4.16&#8243; custom_padding=\u00bb|||\u00bb pac_dcm_carousel_specific_module_num=\u00bb0&#8243; global_colors_info=\u00bb{}\u00bb custom_padding__hover=\u00bb|||\u00bb][et_pb_blurb title=\u00bbResidencial privado\u00bb image=\u00bbhttps:\/\/quaconrd.com\/wp-content\/uploads\/2024\/10\/Edificio-Quacon.webp\u00bb content_max_width=\u00bb100%\u00bb _builder_version=\u00bb4.27.2&#8243; header_font=\u00bbPoppins|600||on|||||\u00bb header_text_align=\u00bbcenter\u00bb header_text_color=\u00bb#000000&#8243; header_font_size=\u00bb20px\u00bb header_line_height=\u00bb1.6em\u00bb body_font=\u00bbRoboto Flex|300|||||||\u00bb body_text_align=\u00bbcenter\u00bb body_text_color=\u00bb#000000&#8243; body_font_size=\u00bb15px\u00bb body_line_height=\u00bb1.8em\u00bb background_color=\u00bb#ffffff\u00bb custom_padding=\u00bb||21px|\u00bb animation=\u00bboff\u00bb border_width_all=\u00bb15px\u00bb border_color_all=\u00bb#ffffff\u00bb global_colors_info=\u00bb{}\u00bb]<\/p>\n<p>Private residential complex with 24\/7 security, high-quality finishes, and recreational areas designed for the whole family to enjoy.\u00a0<\/p>\n<p>[\/et_pb_blurb][\/et_pb_column][\/et_pb_row][et_pb_row column_structure=\u00bb1_3,1_3,1_3&#8243; use_custom_gutter=\u00bbon\u00bb gutter_width=\u00bb2&#8243; _builder_version=\u00bb4.16&#8243; custom_margin=\u00bb|||\u00bb custom_padding=\u00bb|0px||0px|false|false\u00bb animation_direction=\u00bbleft\u00bb global_colors_info=\u00bb{}\u00bb][et_pb_column type=\u00bb1_3&#8243; _builder_version=\u00bb4.16&#8243; custom_padding=\u00bb|||\u00bb pac_dcm_carousel_specific_module_num=\u00bb0&#8243; global_colors_info=\u00bb{}\u00bb custom_padding__hover=\u00bb|||\u00bb][et_pb_blurb title=\u00bbAZURE Residences\u00bb image=\u00bbhttps:\/\/quaconrd.com\/wp-content\/uploads\/2024\/10\/Azure-Residence.webp\u00bb content_max_width=\u00bb100%\u00bb _builder_version=\u00bb4.27.0&#8243; header_font=\u00bbPoppins|600||on|||||\u00bb header_text_align=\u00bbcenter\u00bb header_text_color=\u00bb#000000&#8243; header_font_size=\u00bb20px\u00bb header_line_height=\u00bb1.6em\u00bb body_font=\u00bbRoboto Flex|300|||||||\u00bb body_text_align=\u00bbcenter\u00bb body_text_color=\u00bb#000000&#8243; body_font_size=\u00bb15px\u00bb body_line_height=\u00bb1.8em\u00bb background_color=\u00bb#ffffff\u00bb custom_padding=\u00bb||21px|\u00bb animation=\u00bboff\u00bb border_width_all=\u00bb15px\u00bb border_color_all=\u00bb#ffffff\u00bb global_colors_info=\u00bb{}\u00bb]<\/p>\n<p><span class=\"fontstyle0\">An apartment project developed under a <span class=\"fontstyle2\">family concept<\/span>, with a contemporary design that allows <span class=\"fontstyle2\">attractive views <\/span>towards the project and large terraces on the upper floors<\/span><\/p>\n<p>[\/et_pb_blurb][\/et_pb_column][et_pb_column type=\u00bb1_3&#8243; _builder_version=\u00bb4.16&#8243; custom_padding=\u00bb|||\u00bb pac_dcm_carousel_specific_module_num=\u00bb0&#8243; global_colors_info=\u00bb{}\u00bb custom_padding__hover=\u00bb|||\u00bb][et_pb_blurb title=\u00bbW2Q Beach Front\u00bb image=\u00bbhttps:\/\/quaconrd.com\/wp-content\/uploads\/2024\/10\/W2Q-Pool.webp\u00bb content_max_width=\u00bb100%\u00bb _builder_version=\u00bb4.27.0&#8243; header_font=\u00bbPoppins|600||on|||||\u00bb header_text_align=\u00bbcenter\u00bb header_text_color=\u00bb#000000&#8243; header_font_size=\u00bb20px\u00bb header_line_height=\u00bb1.6em\u00bb body_font=\u00bbRoboto Flex|300|||||||\u00bb body_text_align=\u00bbcenter\u00bb body_text_color=\u00bb#000000&#8243; body_font_size=\u00bb15px\u00bb body_line_height=\u00bb1.8em\u00bb background_color=\u00bb#ffffff\u00bb custom_padding=\u00bb||21px|\u00bb animation=\u00bboff\u00bb border_width_all=\u00bb15px\u00bb border_color_all=\u00bb#ffffff\u00bb global_colors_info=\u00bb{}\u00bb]<\/p>\n<p>The residential complex also offers a wide range of amenities and services. Residents can enjoy a spectacular swimming pool with ocean views and a communal terrace for gatherings and events.<\/p>\n<p>[\/et_pb_blurb][\/et_pb_column][et_pb_column type=\u00bb1_3&#8243; _builder_version=\u00bb4.16&#8243; custom_padding=\u00bb|||\u00bb pac_dcm_carousel_specific_module_num=\u00bb0&#8243; global_colors_info=\u00bb{}\u00bb custom_padding__hover=\u00bb|||\u00bb][et_pb_blurb title=\u00bbSaNtuario Del Corozo\u00bb image=\u00bbhttps:\/\/quaconrd.com\/wp-content\/uploads\/2024\/10\/Santuario-del-Corozo.webp\u00bb content_max_width=\u00bb100%\u00bb _builder_version=\u00bb4.27.0&#8243; header_font=\u00bbPoppins|600||on|||||\u00bb header_text_align=\u00bbcenter\u00bb header_text_color=\u00bb#000000&#8243; header_font_size=\u00bb20px\u00bb header_line_height=\u00bb1.6em\u00bb body_font=\u00bbRoboto Flex|300|||||||\u00bb body_text_align=\u00bbcenter\u00bb body_text_color=\u00bb#000000&#8243; body_font_size=\u00bb15px\u00bb body_line_height=\u00bb1.8em\u00bb background_color=\u00bb#ffffff\u00bb custom_padding=\u00bb||21px|\u00bb animation=\u00bboff\u00bb border_width_all=\u00bb15px\u00bb border_color_all=\u00bb#ffffff\u00bb global_colors_info=\u00bb{}\u00bb]<\/p>\n<p><span class=\"fontstyle0\">The community will consist of 60 lots, ranging in size from 400 to 1,200 square meters. It will be surrounded by the Sanctuary Park, with a 1.2-kilometer perimeter trail.<\/span><\/p>\n<p>[\/et_pb_blurb][\/et_pb_column][\/et_pb_row][et_pb_row column_structure=\u00bb1_3,1_3,1_3&#8243; use_custom_gutter=\u00bbon\u00bb gutter_width=\u00bb2&#8243; _builder_version=\u00bb4.16&#8243; custom_margin=\u00bb|||\u00bb custom_padding=\u00bb|0px||0px|false|false\u00bb animation_direction=\u00bbleft\u00bb global_colors_info=\u00bb{}\u00bb][et_pb_column type=\u00bb1_3&#8243; _builder_version=\u00bb4.16&#8243; custom_padding=\u00bb|||\u00bb pac_dcm_carousel_specific_module_num=\u00bb0&#8243; global_colors_info=\u00bb{}\u00bb custom_padding__hover=\u00bb|||\u00bb][et_pb_blurb title=\u00bbSantuario Del Corozo\u00bb image=\u00bbhttps:\/\/quaconrd.com\/wp-content\/uploads\/2024\/10\/Bungalo-y-Villa-SDC.webp\u00bb content_max_width=\u00bb100%\u00bb _builder_version=\u00bb4.27.0&#8243; header_font=\u00bbPoppins|600||on|||||\u00bb header_text_align=\u00bbcenter\u00bb header_text_color=\u00bb#000000&#8243; header_font_size=\u00bb20px\u00bb header_line_height=\u00bb1.6em\u00bb body_font=\u00bbRoboto Flex|300|||||||\u00bb body_text_align=\u00bbcenter\u00bb body_text_color=\u00bb#000000&#8243; body_font_size=\u00bb15px\u00bb body_line_height=\u00bb1.8em\u00bb background_color=\u00bb#ffffff\u00bb custom_padding=\u00bb||21px|\u00bb animation=\u00bboff\u00bb border_width_all=\u00bb15px\u00bb border_color_all=\u00bb#ffffff\u00bb global_colors_info=\u00bb{}\u00bb]<\/p>\n<p><span class=\"fontstyle0\">At an altitude of 450 meters, in a panoramic setting surrounded by unspoiled nature, Santuario del Corozo is born. The first modern eco-friendly real estate project in the area.<\/span><\/p>\n<p>[\/et_pb_blurb][\/et_pb_column][et_pb_column type=\u00bb1_3&#8243; _builder_version=\u00bb4.16&#8243; custom_padding=\u00bb|||\u00bb pac_dcm_carousel_specific_module_num=\u00bb0&#8243; global_colors_info=\u00bb{}\u00bb custom_padding__hover=\u00bb|||\u00bb][et_pb_blurb title=\u00bbResidencial Puertas del Mar\u00bb image=\u00bbhttps:\/\/quaconrd.com\/wp-content\/uploads\/2024\/10\/Residencial-Puertas-del-Mar.webp\u00bb content_max_width=\u00bb100%\u00bb _builder_version=\u00bb4.27.0&#8243; header_font=\u00bbPoppins|600||on|||||\u00bb header_text_align=\u00bbcenter\u00bb header_text_color=\u00bb#000000&#8243; header_font_size=\u00bb20px\u00bb header_line_height=\u00bb1.6em\u00bb body_font=\u00bbRoboto Flex|300|||||||\u00bb body_text_align=\u00bbcenter\u00bb body_text_color=\u00bb#000000&#8243; body_font_size=\u00bb15px\u00bb body_line_height=\u00bb1.8em\u00bb background_color=\u00bb#ffffff\u00bb custom_padding=\u00bb||21px|\u00bb animation=\u00bboff\u00bb border_width_all=\u00bb15px\u00bb border_color_all=\u00bb#ffffff\u00bb global_colors_info=\u00bb{}\u00bb]<\/p>\n<p>Gated residential project with security guardhouse. High-quality finishes and beautiful recreational areas. Walking trails, and much more!<\/p>\n<p>[\/et_pb_blurb][\/et_pb_column][et_pb_column type=\u00bb1_3&#8243; _builder_version=\u00bb4.16&#8243; custom_padding=\u00bb|||\u00bb pac_dcm_carousel_specific_module_num=\u00bb0&#8243; global_colors_info=\u00bb{}\u00bb custom_padding__hover=\u00bb|||\u00bb][et_pb_blurb title=\u00bbW2Q RESIDENCES\u00bb image=\u00bbhttps:\/\/quaconrd.com\/wp-content\/uploads\/2024\/10\/W2Q-Beach-Front-Condos-.webp\u00bb content_max_width=\u00bb100%\u00bb _builder_version=\u00bb4.27.0&#8243; header_font=\u00bbPoppins|600||on|||||\u00bb header_text_align=\u00bbcenter\u00bb header_text_color=\u00bb#000000&#8243; header_font_size=\u00bb20px\u00bb header_line_height=\u00bb1.6em\u00bb body_font=\u00bbRoboto Flex|300|||||||\u00bb body_text_align=\u00bbcenter\u00bb body_text_color=\u00bb#000000&#8243; body_font_size=\u00bb15px\u00bb body_line_height=\u00bb1.8em\u00bb background_color=\u00bb#ffffff\u00bb custom_padding=\u00bb||21px|\u00bb animation=\u00bboff\u00bb border_width_all=\u00bb15px\u00bb border_color_all=\u00bb#ffffff\u00bb global_colors_info=\u00bb{}\u00bb]<\/p>\n<p><span>This complex features a modern and elegant design inspired by Caribbean style, offering residents the opportunity to enjoy kitesurfing and the spectacular beach.<\/span><\/p>\n<p>[\/et_pb_blurb][\/et_pb_column][\/et_pb_row][et_pb_row column_structure=\u00bb1_3,1_3,1_3&#8243; use_custom_gutter=\u00bbon\u00bb gutter_width=\u00bb2&#8243; _builder_version=\u00bb4.16&#8243; custom_margin=\u00bb|||\u00bb custom_padding=\u00bb|0px||0px|false|false\u00bb animation_direction=\u00bbleft\u00bb global_colors_info=\u00bb{}\u00bb][et_pb_column type=\u00bb1_3&#8243; _builder_version=\u00bb4.16&#8243; custom_padding=\u00bb|||\u00bb pac_dcm_carousel_specific_module_num=\u00bb0&#8243; global_colors_info=\u00bb{}\u00bb custom_padding__hover=\u00bb|||\u00bb][et_pb_blurb title=\u00bbVIVIENDA FAMILIAR\u00bb image=\u00bbhttps:\/\/quaconrd.com\/wp-content\/uploads\/2024\/10\/Casa-Quacon.webp\u00bb content_max_width=\u00bb100%\u00bb _builder_version=\u00bb4.27.0&#8243; header_font=\u00bbPoppins|600||on|||||\u00bb header_text_align=\u00bbcenter\u00bb header_text_color=\u00bb#000000&#8243; header_font_size=\u00bb20px\u00bb header_line_height=\u00bb1.6em\u00bb body_font=\u00bbRoboto Flex|300|||||||\u00bb body_text_align=\u00bbcenter\u00bb body_text_color=\u00bb#000000&#8243; body_font_size=\u00bb15px\u00bb body_line_height=\u00bb1.8em\u00bb background_color=\u00bb#ffffff\u00bb custom_padding=\u00bb||21px|\u00bb animation=\u00bboff\u00bb border_width_all=\u00bb15px\u00bb border_color_all=\u00bb#ffffff\u00bb global_colors_info=\u00bb{}\u00bb]<\/p>\n<p>Design and construction of a modern house with a functional layout. Spacious, airy rooms for greater comfort and well-being.<\/p>\n<p>[\/et_pb_blurb][\/et_pb_column][et_pb_column type=\u00bb1_3&#8243; _builder_version=\u00bb4.16&#8243; custom_padding=\u00bb|||\u00bb pac_dcm_carousel_specific_module_num=\u00bb0&#8243; global_colors_info=\u00bb{}\u00bb custom_padding__hover=\u00bb|||\u00bb][et_pb_blurb title=\u00bbDISE\u00d1O DE COCINA INTEGRAL\u00bb image=\u00bbhttps:\/\/quaconrd.com\/wp-content\/uploads\/2024\/10\/ApartamentoQuacon.webp\u00bb content_max_width=\u00bb100%\u00bb _builder_version=\u00bb4.27.0&#8243; header_font=\u00bbPoppins|600||on|||||\u00bb header_text_align=\u00bbcenter\u00bb header_text_color=\u00bb#000000&#8243; header_font_size=\u00bb20px\u00bb header_line_height=\u00bb1.6em\u00bb body_font=\u00bbRoboto Flex|300|||||||\u00bb body_text_align=\u00bbcenter\u00bb body_text_color=\u00bb#000000&#8243; body_font_size=\u00bb15px\u00bb body_line_height=\u00bb1.8em\u00bb background_color=\u00bb#ffffff\u00bb custom_padding=\u00bb||21px|\u00bb animation=\u00bboff\u00bb border_width_all=\u00bb15px\u00bb border_color_all=\u00bb#ffffff\u00bb global_colors_info=\u00bb{}\u00bb]<\/p>\n<p>Creation of a practical and elegant kitchen with top-quality materials. Granite countertops and appliances.<\/p>\n<p>[\/et_pb_blurb][\/et_pb_column][et_pb_column type=\u00bb1_3&#8243; _builder_version=\u00bb4.16&#8243; custom_padding=\u00bb|||\u00bb pac_dcm_carousel_specific_module_num=\u00bb0&#8243; global_colors_info=\u00bb{}\u00bb custom_padding__hover=\u00bb|||\u00bb][et_pb_blurb title=\u00bbMEJORAMIENTO VIAL\u00bb image=\u00bbhttps:\/\/quaconrd.com\/wp-content\/uploads\/2024\/10\/Obra-publica-Quacon.webp\u00bb content_max_width=\u00bb100%\u00bb _builder_version=\u00bb4.27.0&#8243; header_font=\u00bbPoppins|600||on|||||\u00bb header_text_align=\u00bbcenter\u00bb header_text_color=\u00bb#000000&#8243; header_font_size=\u00bb20px\u00bb header_line_height=\u00bb1.6em\u00bb body_font=\u00bbRoboto Flex|300|||||||\u00bb body_text_align=\u00bbcenter\u00bb body_text_color=\u00bb#000000&#8243; body_font_size=\u00bb15px\u00bb body_line_height=\u00bb1.8em\u00bb background_color=\u00bb#ffffff\u00bb custom_padding=\u00bb||21px|\u00bb animation=\u00bboff\u00bb border_width_all=\u00bb15px\u00bb border_color_all=\u00bb#ffffff\u00bb global_colors_info=\u00bb{}\u00bb]<\/p>\n<p>The paving project begins with preparing the ground, removing irregularities, and compacting the base.<\/p>\n<p>[\/et_pb_blurb][\/et_pb_column][\/et_pb_row][et_pb_row column_structure=\u00bb1_2,1_2&#8243; use_custom_gutter=\u00bbon\u00bb gutter_width=\u00bb2&#8243; _builder_version=\u00bb4.27.4&#8243; custom_margin=\u00bb|||\u00bb custom_padding=\u00bb|0px||0px|false|false\u00bb animation_direction=\u00bbleft\u00bb global_colors_info=\u00bb{}\u00bb][et_pb_column type=\u00bb1_2&#8243; _builder_version=\u00bb4.16&#8243; custom_padding=\u00bb|||\u00bb pac_dcm_carousel_specific_module_num=\u00bb0&#8243; global_colors_info=\u00bb{}\u00bb custom_padding__hover=\u00bb|||\u00bb][et_pb_blurb title=\u00bbASFALTADO DE CALLE \u00bb image=\u00bbhttps:\/\/quaconrd.com\/wp-content\/uploads\/2024\/10\/trabajadores-Quacon.webp\u00bb content_max_width=\u00bb100%\u00bb _builder_version=\u00bb4.27.0&#8243; header_font=\u00bbPoppins|600||on|||||\u00bb header_text_align=\u00bbcenter\u00bb header_text_color=\u00bb#000000&#8243; header_font_size=\u00bb20px\u00bb header_line_height=\u00bb1.6em\u00bb body_font=\u00bbRoboto Flex|300|||||||\u00bb body_text_align=\u00bbcenter\u00bb body_text_color=\u00bb#000000&#8243; body_font_size=\u00bb15px\u00bb body_line_height=\u00bb1.8em\u00bb background_color=\u00bb#ffffff\u00bb custom_padding=\u00bb||21px|\u00bb animation=\u00bboff\u00bb border_width_all=\u00bb15px\u00bb border_color_all=\u00bb#ffffff\u00bb global_colors_info=\u00bb{}\u00bb]<\/p>\n<p>The asphalting process guarantees a durable, high-quality road, ensuring a safe route for pedestrians and vehicles.<\/p>\n<p>[\/et_pb_blurb][\/et_pb_column][et_pb_column type=\u00bb1_2&#8243; _builder_version=\u00bb4.16&#8243; custom_padding=\u00bb|||\u00bb pac_dcm_carousel_specific_module_num=\u00bb0&#8243; global_colors_info=\u00bb{}\u00bb custom_padding__hover=\u00bb|||\u00bb][et_pb_blurb title=\u00bbCasa Unifamiliar\u00bb image=\u00bbhttps:\/\/quaconrd.com\/wp-content\/uploads\/2025\/09\/Casa-Unifamiliar-Urbanizacion-Plantation.webp\u00bb content_max_width=\u00bb100%\u00bb _builder_version=\u00bb4.27.4&#8243; header_font=\u00bbPoppins|600||on|||||\u00bb header_text_align=\u00bbcenter\u00bb header_text_color=\u00bb#000000&#8243; header_font_size=\u00bb20px\u00bb header_line_height=\u00bb1.6em\u00bb body_font=\u00bbRoboto Flex|300|||||||\u00bb body_text_align=\u00bbcenter\u00bb body_text_color=\u00bb#000000&#8243; body_font_size=\u00bb15px\u00bb body_line_height=\u00bb1.8em\u00bb background_color=\u00bb#ffffff\u00bb custom_padding=\u00bb||21px|\u00bb animation=\u00bboff\u00bb border_width_all=\u00bb15px\u00bb border_color_all=\u00bb#ffffff\u00bb global_colors_info=\u00bb{}\u00bb]<\/p>\n<p>Exclusive home with modern design and optimized spaces for maximum comfort. It has a swimming pool and is located in the Plantation residential area.<\/p>\n<p>[\/et_pb_blurb][\/et_pb_column][\/et_pb_row][\/et_pb_section]<\/p>","protected":false},"excerpt":{"rendered":"<p>Construcci\u00f3n dise\u00f1o y ejecuci\u00f3n Be Live Hotel Cofres\u00ed (101 habitaciones), Puerto Plata, Rep\u00fablica DominicanaUna capa de asfalto de alta resistencia, dise\u00f1ada para soportar el tr\u00e1fico y las condiciones clim\u00e1ticas.Residencial privado con seguridad 24\/7, acabados de alta calidad y \u00e1reas recreativas dise\u00f1adas para el disfrute de toda la familia.\u00a0Un proyecto de apartamentos desarrollado bajo un concepto [&hellip;]<\/p>","protected":false},"author":1,"featured_media":0,"parent":0,"menu_order":0,"comment_status":"closed","ping_status":"closed","template":"","meta":{"_et_pb_use_builder":"on","_et_pb_old_content":"","_et_gb_content_width":"","footnotes":""},"class_list":["post-173","page","type-page","status-publish","hentry"],"_links":{"self":[{"href":"https:\/\/quaconrd.com\/en\/wp-json\/wp\/v2\/pages\/173","targetHints":{"allow":["GET"]}}],"collection":[{"href":"https:\/\/quaconrd.com\/en\/wp-json\/wp\/v2\/pages"}],"about":[{"href":"https:\/\/quaconrd.com\/en\/wp-json\/wp\/v2\/types\/page"}],"author":[{"embeddable":true,"href":"https:\/\/quaconrd.com\/en\/wp-json\/wp\/v2\/users\/1"}],"replies":[{"embeddable":true,"href":"https:\/\/quaconrd.com\/en\/wp-json\/wp\/v2\/comments?post=173"}],"version-history":[{"count":23,"href":"https:\/\/quaconrd.com\/en\/wp-json\/wp\/v2\/pages\/173\/revisions"}],"predecessor-version":[{"id":250934,"href":"https:\/\/quaconrd.com\/en\/wp-json\/wp\/v2\/pages\/173\/revisions\/250934"}],"wp:attachment":[{"href":"https:\/\/quaconrd.com\/en\/wp-json\/wp\/v2\/media?parent=173"}],"curies":[{"name":"wp","href":"https:\/\/api.w.org\/{rel}","templated":true}]}}