{"id":178,"date":"2024-10-04T17:01:03","date_gmt":"2024-10-04T17:01:03","guid":{"rendered":"https:\/\/quaconrd.com\/?page_id=178"},"modified":"2025-09-09T19:55:30","modified_gmt":"2025-09-09T19:55:30","slug":"experiencia","status":"publish","type":"page","link":"https:\/\/quaconrd.com\/en\/experiencia\/","title":{"rendered":"Experience"},"content":{"rendered":"<p>[et_pb_section fb_built=\u00bb1&#8243; module_id=\u00bbdown\u00bb _builder_version=\u00bb4.27.4&#8243; _module_preset=\u00bbdefault\u00bb custom_padding=\u00bb||12px|||\u00bb global_colors_info=\u00bb{}\u00bb][et_pb_row column_structure=\u00bb1_2,1_2&#8243; use_custom_gutter=\u00bbon\u00bb gutter_width=\u00bb1&#8243; _builder_version=\u00bb4.27.0&#8243; _module_preset=\u00bbdefault\u00bb width=\u00bb90%\u00bb max_width=\u00bb1170px\u00bb custom_margin=\u00bb0px||0px||false|false\u00bb custom_padding=\u00bb0px||0px||false|false\u00bb animation_style=\u00bbfade\u00bb animation_delay=\u00bb500ms\u00bb animation_speed_curve=\u00bbease\u00bb global_colors_info=\u00bb{}\u00bb][et_pb_column type=\u00bb1_2&#8243; _builder_version=\u00bb4.24.2&#8243; _module_preset=\u00bbdefault\u00bb custom_padding=\u00bb|20px||10px|false|false\u00bb custom_padding_tablet=\u00bb|0px||0px|false|false\u00bb custom_padding_phone=\u00bb|0px||0px|false|false\u00bb custom_padding_last_edited=\u00bbon|tablet\u00bb pac_dcm_carousel_specific_module_num=\u00bb0&#8243; global_colors_info=\u00bb{}\u00bb][et_pb_text _builder_version=\u00bb4.27.2&#8243; _module_preset=\u00bbdefault\u00bb header_3_font=\u00bbAlbert Sans|600|||||||\u00bb header_3_text_align=\u00bbleft\u00bb header_3_text_color=\u00bb#022047&#8243; header_3_font_size=\u00bb41px\u00bb header_3_line_height=\u00bb1.2em\u00bb custom_margin=\u00bb45px||9px||false|false\u00bb custom_padding=\u00bb0px||0px||false|false\u00bb header_3_text_align_tablet=\u00bbleft\u00bb header_3_text_align_phone=\u00bbcenter\u00bb header_3_text_align_last_edited=\u00bbon|phone\u00bb header_3_font_size_tablet=\u00bb32px\u00bb header_3_font_size_phone=\u00bb26px\u00bb header_3_font_size_last_edited=\u00bbon|phone\u00bb global_colors_info=\u00bb{}\u00bb]<\/p>\n<h3><strong>Comprehensive Solutions for Your Projects<\/strong>s<\/h3>\n<p>[\/et_pb_text][et_pb_divider color=\u00bbgcid-68fbaa77-8bae-46b1-9378-1c8e7397edc4&#8243; divider_weight=\u00bb4px\u00bb divider_position_tablet=\u00bb\u00bb divider_position_phone=\u00bbtop\u00bb divider_position_last_edited=\u00bbon|phone\u00bb _builder_version=\u00bb4.27.2&#8243; _module_preset=\u00bbdefault\u00bb max_width=\u00bb100px\u00bb max_height=\u00bb4px\u00bb custom_margin=\u00bb0px||34px||false|false\u00bb custom_padding=\u00bb0px||0px||false|false\u00bb module_alignment_tablet=\u00bb\u00bb module_alignment_phone=\u00bbcenter\u00bb module_alignment_last_edited=\u00bbon|phone\u00bb global_colors_info=\u00bb{%22gcid-68fbaa77-8bae-46b1-9378-1c8e7397edc4%22:%91%22color%22%93}\u00bb][\/et_pb_divider][\/et_pb_column][et_pb_column type=\u00bb1_2&#8243; _builder_version=\u00bb4.24.2&#8243; _module_preset=\u00bbdefault\u00bb custom_padding=\u00bb|||20px|false|false\u00bb custom_padding_tablet=\u00bb|||0px|false|false\u00bb custom_padding_phone=\u00bb|||0px|false|false\u00bb custom_padding_last_edited=\u00bbon|tablet\u00bb pac_dcm_carousel_specific_module_num=\u00bb0&#8243; global_colors_info=\u00bb{}\u00bb][et_pb_text _builder_version=\u00bb4.27.0&#8243; _module_preset=\u00bbdefault\u00bb text_font=\u00bb&#8211;et_global_body_font||||||||\u00bb text_text_color=\u00bb#000000&#8243; text_font_size=\u00bb18px\u00bb text_line_height=\u00bb1.5em\u00bb custom_margin=\u00bb55px||65px||false|false\u00bb custom_margin_tablet=\u00bb0px||65px||false|false\u00bb custom_margin_phone=\u00bb0px||45px||false|false\u00bb custom_margin_last_edited=\u00bbon|phone\u00bb custom_padding=\u00bb0px||0px||false|false\u00bb global_colors_info=\u00bb{}\u00bb]<\/p>\n<p style=\"text-align: justify;\">At QUACON, we offer a wide range of additional services, including interior design that optimizes every space, efficient project management, fire protection systems that guarantee safety, and landscape designs that beautify the environment in a sustainable way. Each service is designed to meet the highest standards of quality and functionality.<\/p>\n<p>[\/et_pb_text][\/et_pb_column][\/et_pb_row][et_pb_row column_structure=\u00bb1_2,1_2&#8243; use_custom_gutter=\u00bbon\u00bb gutter_width=\u00bb2&#8243; make_equal=\u00bbon\u00bb _builder_version=\u00bb4.27.0&#8243; _module_preset=\u00bbdefault\u00bb width=\u00bb90%\u00bb max_width=\u00bb1100px\u00bb max_width_tablet=\u00bb345px\u00bb max_width_phone=\u00bb345px\u00bb max_width_last_edited=\u00bbon|tablet\u00bb custom_padding=\u00bb0px||0px||true|false\u00bb global_colors_info=\u00bb{}\u00bb][et_pb_column type=\u00bb1_2&#8243; _builder_version=\u00bb4.20.2&#8243; _module_preset=\u00bbdefault\u00bb pac_dcm_carousel_specific_module_num=\u00bb0&#8243; global_colors_info=\u00bb{}\u00bb][et_pb_blurb title=\u00bbDise\u00f1os de Interiores\u00bb image_icon_width=\u00bb55px\u00bb _builder_version=\u00bb4.27.2&#8243; _module_preset=\u00bbdefault\u00bb header_font=\u00bbPoppins|700|||||||\u00bb header_text_align=\u00bbcenter\u00bb header_text_color=\u00bb#FFFFFF\u00bb header_font_size=\u00bb18px\u00bb body_font=\u00bbRoboto Flex||||||||\u00bb body_text_align=\u00bbcenter\u00bb body_text_color=\u00bbRGBA(255,255,255,0)\u00bb body_font_size=\u00bb0px\u00bb body_line_height=\u00bb1.8em\u00bb use_background_color_gradient=\u00bbon\u00bb background_color_gradient_stops=\u00bbrgba(255,255,255,0) 78%|gcid-k81bkw27-b34c-4lyk-mni7-1v37c0q7wm0i 78%\u00bb background_color_gradient_overlays_image=\u00bbon\u00bb background_image=\u00bbhttps:\/\/quaconrd.com\/wp-content\/uploads\/2024\/10\/Disenos-de-Interiores-Quacon.webp\u00bb custom_padding=\u00bb304px|30px|22px|30px|false|true\u00bb custom_padding_tablet=\u00bb304px|30px|22px|30px|false|true\u00bb custom_padding_phone=\u00bb304px|30px|22px|30px|false|true\u00bb custom_padding_last_edited=\u00bbon|desktop\u00bb animation=\u00bboff\u00bb hover_transition_duration=\u00bb0ms\u00bb hover_transition_speed_curve=\u00bblinear\u00bb body_font_size_tablet=\u00bb0px\u00bb body_font_size_phone=\u00bb0px\u00bb body_font_size_last_edited=\u00bbon|phone\u00bb border_radii=\u00bbon|10px|10px|10px|10px\u00bb global_colors_info=\u00bb{%22gcid-primary-color%22:%91%22background_color_gradient_stops%22%93,%22gcid-k81bkw27-b34c-4lyk-mni7-1v37c0q7wm0i%22:%91%22background_color_gradient_stops%22%93}\u00bb icon_color__hover_enabled=\u00bbon|hover\u00bb icon_color__hover=\u00bb#FFFFFF\u00bb header_text_color__hover_enabled=\u00bbon|hover\u00bb header_text_color__hover=\u00bb#FFFFFF\u00bb body_text_color__hover_enabled=\u00bbon|hover\u00bb body_text_color__hover=\u00bb#FFFFFF\u00bb transform_styles__hover_enabled=\u00bboff|desktop\u00bb background_image__hover=\u00bb\u00bb background_color__hover=\u00bb\u00bb custom_css_main_element__hover_enabled=\u00bbon|hover\u00bb custom_css_main_element__hover=\u00bbbackground-size: 120%;\u00bb background_color_gradient_stops__hover=\u00bbrgba(0,36,91,0.8) 0%|rgba(0,36,91,0.8) 100%\u00bb use_background_color_gradient__hover=\u00bbon\u00bb background_color_gradient_overlays_image__hover=\u00bbon\u00bb body_font_size__hover_enabled=\u00bbon|desktop\u00bb body_font_size__hover=\u00bb15px\u00bb custom_padding__hover_enabled=\u00bbon|hover\u00bb custom_padding__hover=\u00bb20vh||20vh||true|true\u00bb background__hover_enabled=\u00bbon|desktop\u00bb]<\/p>\n<p><span class=\"fontstyle0\">QUACON takes care in its designs of interior spaces to support the intended functions and specific needs of the facilities we build. Every detail is considered, from lighting and color scheme to functionality and durability. QUACON's work in this area includes a wide variety of spaces such as luxury hotels, offices, classrooms, and homes, among others.<\/span><\/p>\n<p>[\/et_pb_blurb][\/et_pb_column][et_pb_column type=\u00bb1_2&#8243; _builder_version=\u00bb4.20.2&#8243; _module_preset=\u00bbdefault\u00bb pac_dcm_carousel_specific_module_num=\u00bb0&#8243; global_colors_info=\u00bb{}\u00bb][et_pb_blurb title=\u00bbAdministraci\u00f3n de proyectos\u00bb image_icon_width=\u00bb55px\u00bb _builder_version=\u00bb4.27.0&#8243; _module_preset=\u00bbdefault\u00bb header_font=\u00bbPoppins|700|||||||\u00bb header_text_align=\u00bbcenter\u00bb header_text_color=\u00bb#FFFFFF\u00bb header_font_size=\u00bb18px\u00bb body_font=\u00bbRoboto Flex||||||||\u00bb body_text_align=\u00bbcenter\u00bb body_text_color=\u00bbRGBA(255,255,255,0)\u00bb body_font_size=\u00bb0px\u00bb body_line_height=\u00bb1.8em\u00bb use_background_color_gradient=\u00bbon\u00bb background_color_gradient_stops=\u00bbrgba(255,255,255,0) 78%|gcid-k81bkw27-b34c-4lyk-mni7-1v37c0q7wm0i 78%\u00bb background_color_gradient_overlays_image=\u00bbon\u00bb background_image=\u00bbhttps:\/\/quaconrd.com\/wp-content\/uploads\/2024\/10\/Administracion-de-proyectos.n.webp\u00bb custom_padding=\u00bb304px|30px|22px|30px|false|true\u00bb custom_padding_tablet=\u00bb304px|30px|22px|30px|false|true\u00bb custom_padding_phone=\u00bb304px|30px|22px|30px|false|true\u00bb custom_padding_last_edited=\u00bbon|desktop\u00bb animation=\u00bboff\u00bb hover_transition_duration=\u00bb0ms\u00bb hover_transition_speed_curve=\u00bblinear\u00bb body_font_size_tablet=\u00bb0px\u00bb body_font_size_phone=\u00bb0px\u00bb body_font_size_last_edited=\u00bbon|phone\u00bb border_radii=\u00bbon|10px|10px|10px|10px\u00bb global_colors_info=\u00bb{%22gcid-primary-color%22:%91%22background_color_gradient_stops%22%93}\u00bb icon_color__hover_enabled=\u00bbon|hover\u00bb icon_color__hover=\u00bb#FFFFFF\u00bb header_text_color__hover_enabled=\u00bbon|hover\u00bb header_text_color__hover=\u00bb#FFFFFF\u00bb body_text_color__hover_enabled=\u00bbon|hover\u00bb body_text_color__hover=\u00bb#FFFFFF\u00bb transform_styles__hover_enabled=\u00bboff|desktop\u00bb background_image__hover=\u00bb\u00bb background_color__hover=\u00bb\u00bb custom_css_main_element__hover_enabled=\u00bbon|hover\u00bb custom_css_main_element__hover=\u00bbbackground-size: 120%;\u00bb background_color_gradient_stops__hover=\u00bbrgba(0,36,91,0.8) 0%|rgba(0,36,91,0.8) 100%\u00bb use_background_color_gradient__hover=\u00bbon\u00bb background_color_gradient_overlays_image__hover=\u00bbon\u00bb body_font_size__hover_enabled=\u00bbon|desktop\u00bb body_font_size__hover=\u00bb15px\u00bb custom_padding__hover_enabled=\u00bbon|hover\u00bb custom_padding__hover=\u00bb20vh||20vh||true|true\u00bb background__hover_enabled=\u00bbon|hover\u00bb]<\/p>\n<p>\u00a0<span class=\"fontstyle0\">QUACON's project management organization and structure is capable of effectively managing several projects at the same time.<\/span> <\/p>\n<p>[\/et_pb_blurb][\/et_pb_column][\/et_pb_row][\/et_pb_section][et_pb_section fb_built=\u00bb1&#8243; _builder_version=\u00bb4.27.0&#8243; _module_preset=\u00bbdefault\u00bb custom_padding=\u00bb18px||0px|||\u00bb global_colors_info=\u00bb{}\u00bb][et_pb_row column_structure=\u00bb1_2,1_2&#8243; use_custom_gutter=\u00bbon\u00bb gutter_width=\u00bb2&#8243; make_equal=\u00bbon\u00bb _builder_version=\u00bb4.27.0&#8243; _module_preset=\u00bbdefault\u00bb width=\u00bb90%\u00bb max_width=\u00bb1100px\u00bb max_width_tablet=\u00bb345px\u00bb max_width_phone=\u00bb345px\u00bb max_width_last_edited=\u00bbon|tablet\u00bb custom_padding=\u00bb0px||0px||true|false\u00bb global_colors_info=\u00bb{}\u00bb][et_pb_column type=\u00bb1_2&#8243; _builder_version=\u00bb4.20.2&#8243; _module_preset=\u00bbdefault\u00bb pac_dcm_carousel_specific_module_num=\u00bb0&#8243; global_colors_info=\u00bb{}\u00bb][et_pb_blurb title=\u00bbDise\u00f1os Paisaj\u00edsticos\u00bb image_icon_width=\u00bb55px\u00bb _builder_version=\u00bb4.27.0&#8243; _module_preset=\u00bbdefault\u00bb header_font=\u00bbPoppins|700|||||||\u00bb header_text_align=\u00bbcenter\u00bb header_text_color=\u00bb#FFFFFF\u00bb header_font_size=\u00bb18px\u00bb body_font=\u00bbRoboto Flex||||||||\u00bb body_text_align=\u00bbcenter\u00bb body_text_color=\u00bbRGBA(255,255,255,0)\u00bb body_font_size=\u00bb0px\u00bb body_line_height=\u00bb1.8em\u00bb use_background_color_gradient=\u00bbon\u00bb background_color_gradient_stops=\u00bbrgba(255,255,255,0) 78%|gcid-k81bkw27-b34c-4lyk-mni7-1v37c0q7wm0i 78%\u00bb background_color_gradient_overlays_image=\u00bbon\u00bb background_image=\u00bbhttps:\/\/quaconrd.com\/wp-content\/uploads\/2024\/10\/Disenos-Paisajisticos-Quacon.webp\u00bb custom_padding=\u00bb304px|30px|22px|30px|false|true\u00bb custom_padding_tablet=\u00bb304px|30px|22px|30px|false|true\u00bb custom_padding_phone=\u00bb304px|30px|22px|30px|false|true\u00bb custom_padding_last_edited=\u00bbon|desktop\u00bb animation=\u00bboff\u00bb hover_transition_duration=\u00bb0ms\u00bb hover_transition_speed_curve=\u00bblinear\u00bb body_font_size_tablet=\u00bb0px\u00bb body_font_size_phone=\u00bb0px\u00bb body_font_size_last_edited=\u00bbon|phone\u00bb border_radii=\u00bbon|10px|10px|10px|10px\u00bb global_colors_info=\u00bb{%22gcid-68fbaa77-8bae-46b1-9378-1c8e7397edc4%22:%91%22background_color_gradient_stops%22%93,%22gcid-primary-color%22:%91%22background_color_gradient_stops%22%93}\u00bb icon_color__hover_enabled=\u00bbon|hover\u00bb icon_color__hover=\u00bb#FFFFFF\u00bb header_text_color__hover_enabled=\u00bbon|hover\u00bb header_text_color__hover=\u00bb#FFFFFF\u00bb body_text_color__hover_enabled=\u00bbon|hover\u00bb body_text_color__hover=\u00bb#FFFFFF\u00bb transform_styles__hover_enabled=\u00bboff|desktop\u00bb background_image__hover=\u00bb\u00bb background_color__hover=\u00bb\u00bb custom_css_main_element__hover_enabled=\u00bbon|hover\u00bb custom_css_main_element__hover=\u00bbbackground-size: 120%;\u00bb background_color_gradient_stops__hover=\u00bbrgba(0,36,91,0.8) 0%|rgba(0,36,91,0.8) 100%\u00bb use_background_color_gradient__hover=\u00bbon\u00bb background_color_gradient_overlays_image__hover=\u00bbon\u00bb body_font_size__hover_enabled=\u00bbon|desktop\u00bb body_font_size__hover=\u00bb15px\u00bb custom_padding__hover_enabled=\u00bbon|hover\u00bb custom_padding__hover=\u00bb20vh||20vh||true|true\u00bb background__hover_enabled=\u00bbon|hover\u00bb]<\/p>\n<p>\u00a0<span class=\"fontstyle0\">QUACON creates projects with maintenance and sustainability in mind. Based on the project location, uses, and aesthetics, QUACON works with the client to beautify the project site within budgetary limits and in accordance with local conditions. Soil conditions, local growth patterns, native plants and trees, maintenance costs, among other factors, are taken into account.<\/span> <\/p>\n<p>[\/et_pb_blurb][\/et_pb_column][et_pb_column type=\u00bb1_2&#8243; _builder_version=\u00bb4.20.2&#8243; _module_preset=\u00bbdefault\u00bb pac_dcm_carousel_specific_module_num=\u00bb0&#8243; global_colors_info=\u00bb{}\u00bb][et_pb_blurb title=\u00bbConstrucci\u00f3n de Calidad\u00bb image_icon_width=\u00bb55px\u00bb _builder_version=\u00bb4.27.0&#8243; _module_preset=\u00bbdefault\u00bb header_font=\u00bbPoppins|700|||||||\u00bb header_text_align=\u00bbcenter\u00bb header_text_color=\u00bb#FFFFFF\u00bb header_font_size=\u00bb18px\u00bb body_font=\u00bbRoboto Flex||||||||\u00bb body_text_align=\u00bbcenter\u00bb body_text_color=\u00bbRGBA(255,255,255,0)\u00bb body_font_size=\u00bb0px\u00bb body_line_height=\u00bb1.8em\u00bb use_background_color_gradient=\u00bbon\u00bb background_color_gradient_stops=\u00bbrgba(255,255,255,0) 78%|gcid-k81bkw27-b34c-4lyk-mni7-1v37c0q7wm0i 78%\u00bb background_color_gradient_overlays_image=\u00bbon\u00bb background_image=\u00bbhttps:\/\/quaconrd.com\/wp-content\/uploads\/2024\/10\/Quacon-Quality-Constructions.webp\u00bb custom_padding=\u00bb304px|30px|22px|30px|false|true\u00bb custom_padding_tablet=\u00bb304px|30px|22px|30px|false|true\u00bb custom_padding_phone=\u00bb304px|30px|22px|30px|false|true\u00bb custom_padding_last_edited=\u00bbon|desktop\u00bb animation=\u00bboff\u00bb hover_transition_duration=\u00bb0ms\u00bb hover_transition_speed_curve=\u00bblinear\u00bb body_font_size_tablet=\u00bb0px\u00bb body_font_size_phone=\u00bb0px\u00bb body_font_size_last_edited=\u00bbon|phone\u00bb border_radii=\u00bbon|10px|10px|10px|10px\u00bb global_colors_info=\u00bb{%22gcid-68fbaa77-8bae-46b1-9378-1c8e7397edc4%22:%91%22background_color_gradient_stops%22%93,%22gcid-primary-color%22:%91%22background_color_gradient_stops%22%93}\u00bb icon_color__hover_enabled=\u00bbon|hover\u00bb icon_color__hover=\u00bb#FFFFFF\u00bb header_text_color__hover_enabled=\u00bbon|hover\u00bb header_text_color__hover=\u00bb#FFFFFF\u00bb body_text_color__hover_enabled=\u00bbon|hover\u00bb body_text_color__hover=\u00bb#FFFFFF\u00bb transform_styles__hover_enabled=\u00bboff|desktop\u00bb background_image__hover=\u00bb\u00bb background_color__hover=\u00bb\u00bb custom_css_main_element__hover_enabled=\u00bbon|hover\u00bb custom_css_main_element__hover=\u00bbbackground-size: 120%;\u00bb background_color_gradient_stops__hover=\u00bbrgba(0,36,91,0.8) 0%|rgba(0,36,91,0.8) 100%\u00bb use_background_color_gradient__hover=\u00bbon\u00bb background_color_gradient_overlays_image__hover=\u00bbon\u00bb body_font_size__hover_enabled=\u00bbon|desktop\u00bb body_font_size__hover=\u00bb15px\u00bb custom_padding__hover_enabled=\u00bbon|hover\u00bb custom_padding__hover=\u00bb20vh||20vh||true|true\u00bb background__hover_enabled=\u00bbon|hover\u00bb]<\/p>\n<p>At QUACON, we specialize in providing high-quality construction solutions, ensuring precision in every detail, from design to execution. Our experience covers residential, commercial, and industrial projects, always committed to excellence, durability, and customer satisfaction.<\/p>\n<p>[\/et_pb_blurb][\/et_pb_column][\/et_pb_row][\/et_pb_section][et_pb_section fb_built=\u00bb1&#8243; _builder_version=\u00bb4.23&#8243; _module_preset=\u00bbdefault\u00bb custom_padding=\u00bb23px||73px|||\u00bb global_colors_info=\u00bb{}\u00bb][et_pb_row column_structure=\u00bb1_2,1_2&#8243; use_custom_gutter=\u00bbon\u00bb gutter_width=\u00bb2&#8243; make_equal=\u00bbon\u00bb _builder_version=\u00bb4.27.0&#8243; _module_preset=\u00bbdefault\u00bb width=\u00bb90%\u00bb max_width=\u00bb1100px\u00bb max_width_tablet=\u00bb345px\u00bb max_width_phone=\u00bb345px\u00bb max_width_last_edited=\u00bbon|tablet\u00bb custom_padding=\u00bb0px||0px||true|false\u00bb global_colors_info=\u00bb{}\u00bb][et_pb_column type=\u00bb1_2&#8243; _builder_version=\u00bb4.20.2&#8243; _module_preset=\u00bbdefault\u00bb pac_dcm_carousel_specific_module_num=\u00bb0&#8243; global_colors_info=\u00bb{}\u00bb][et_pb_blurb title=\u00bbSistemas contra incendios\u00bb image_icon_width=\u00bb55px\u00bb _builder_version=\u00bb4.27.0&#8243; _module_preset=\u00bbdefault\u00bb header_font=\u00bbPoppins|700|||||||\u00bb header_text_align=\u00bbcenter\u00bb header_text_color=\u00bb#FFFFFF\u00bb header_font_size=\u00bb18px\u00bb body_font=\u00bbRoboto Flex||||||||\u00bb body_text_align=\u00bbcenter\u00bb body_text_color=\u00bbRGBA(255,255,255,0)\u00bb body_font_size=\u00bb0px\u00bb body_line_height=\u00bb1.8em\u00bb use_background_color_gradient=\u00bbon\u00bb background_color_gradient_stops=\u00bbrgba(255,255,255,0) 78%|gcid-k81bkw27-b34c-4lyk-mni7-1v37c0q7wm0i 78%\u00bb background_color_gradient_overlays_image=\u00bbon\u00bb background_image=\u00bbhttps:\/\/quaconrd.com\/wp-content\/uploads\/2024\/10\/Sistemas-contra-incendios-Quacon.webp\u00bb custom_padding=\u00bb304px|30px|22px|30px|false|true\u00bb custom_padding_tablet=\u00bb304px|30px|22px|30px|false|true\u00bb custom_padding_phone=\u00bb304px|30px|22px|30px|false|true\u00bb custom_padding_last_edited=\u00bbon|desktop\u00bb animation=\u00bboff\u00bb hover_transition_duration=\u00bb0ms\u00bb hover_transition_speed_curve=\u00bblinear\u00bb body_font_size_tablet=\u00bb0px\u00bb body_font_size_phone=\u00bb0px\u00bb body_font_size_last_edited=\u00bbon|phone\u00bb border_radii=\u00bbon|10px|10px|10px|10px\u00bb global_colors_info=\u00bb{%22gcid-68fbaa77-8bae-46b1-9378-1c8e7397edc4%22:%91%22background_color_gradient_stops%22%93,%22gcid-primary-color%22:%91%22background_color_gradient_stops%22%93}\u00bb icon_color__hover_enabled=\u00bbon|hover\u00bb icon_color__hover=\u00bb#FFFFFF\u00bb header_text_color__hover_enabled=\u00bbon|hover\u00bb header_text_color__hover=\u00bb#FFFFFF\u00bb body_text_color__hover_enabled=\u00bbon|hover\u00bb body_text_color__hover=\u00bb#FFFFFF\u00bb transform_styles__hover_enabled=\u00bboff|desktop\u00bb background_image__hover=\u00bb\u00bb background_color__hover=\u00bb\u00bb custom_css_main_element__hover_enabled=\u00bbon|hover\u00bb custom_css_main_element__hover=\u00bbbackground-size: 120%;\u00bb background_color_gradient_stops__hover=\u00bbrgba(0,36,91,0.8) 0%|rgba(0,36,91,0.8) 100%\u00bb use_background_color_gradient__hover=\u00bbon\u00bb background_color_gradient_overlays_image__hover=\u00bbon\u00bb body_font_size__hover_enabled=\u00bbon|desktop\u00bb body_font_size__hover=\u00bb15px\u00bb custom_padding__hover_enabled=\u00bbon|hover\u00bb custom_padding__hover=\u00bb20vh||20vh||true|true\u00bb background__hover_enabled=\u00bbon|hover\u00bb]<\/p>\n<p>\u00a0<span class=\"fontstyle0\">QUACON designs and installs fire protection systems to meet specific user requirements. The systems we use range from basic installations such as smoke detectors, alarm panels, and signs to sophisticated water suppression foam ceilings and sprinkler systems designed to protect the assets of each project.<\/span> <\/p>\n<p>[\/et_pb_blurb][\/et_pb_column][et_pb_column type=\u00bb1_2&#8243; _builder_version=\u00bb4.20.2&#8243; _module_preset=\u00bbdefault\u00bb pac_dcm_carousel_specific_module_num=\u00bb0&#8243; global_colors_info=\u00bb{}\u00bb][et_pb_blurb title=\u00bbConstrucci\u00f3n de Calidad\u00bb image_icon_width=\u00bb55px\u00bb _builder_version=\u00bb4.27.4&#8243; _module_preset=\u00bbdefault\u00bb header_font=\u00bbPoppins|700|||||||\u00bb header_text_align=\u00bbcenter\u00bb header_text_color=\u00bbRGBA(255,255,255,0)\u00bb header_font_size=\u00bb18px\u00bb body_font=\u00bbRoboto Flex||||||||\u00bb body_text_align=\u00bbcenter\u00bb body_text_color=\u00bbRGBA(255,255,255,0)\u00bb body_font_size=\u00bb0px\u00bb body_line_height=\u00bb1.8em\u00bb background_color=\u00bbgcid-k81bkw27-b34c-4lyk-mni7-1v37c0q7wm0i\u00bb use_background_color_gradient=\u00bbon\u00bb background_color_gradient_stops=\u00bbrgba(255,255,255,0) 78%|gcid-k81bkw27-b34c-4lyk-mni7-1v37c0q7wm0i 78%\u00bb background_color_gradient_overlays_image=\u00bbon\u00bb background_enable_image=\u00bboff\u00bb custom_padding=\u00bb304px|30px|22px|30px|false|true\u00bb custom_padding_tablet=\u00bb304px|30px|22px|30px|false|true\u00bb custom_padding_phone=\u00bb304px|30px|22px|30px|false|true\u00bb custom_padding_last_edited=\u00bbon|desktop\u00bb animation=\u00bboff\u00bb hover_transition_duration=\u00bb0ms\u00bb hover_transition_speed_curve=\u00bblinear\u00bb hover_enabled=\u00bb0&#8243; body_font_size_tablet=\u00bb0px\u00bb body_font_size_phone=\u00bb0px\u00bb body_font_size_last_edited=\u00bbon|phone\u00bb border_radii=\u00bbon|10px|10px|10px|10px\u00bb global_colors_info=\u00bb{%22gcid-68fbaa77-8bae-46b1-9378-1c8e7397edc4%22:%91%22background_color_gradient_stops%22%93,%22gcid-primary-color%22:%91%22background_color_gradient_stops%22%93,%22gcid-k81bkw27-b34c-4lyk-mni7-1v37c0q7wm0i%22:%91%22background_color%22,%22background_color__hover%22%93}\u00bb icon_color__hover_enabled=\u00bbon|hover\u00bb icon_color__hover=\u00bb#FFFFFF\u00bb header_text_color__hover_enabled=\u00bbon|hover\u00bb header_text_color__hover=\u00bbRGBA(255,255,255,0)\u00bb body_text_color__hover_enabled=\u00bbon|hover\u00bb body_text_color__hover=\u00bb#FFFFFF\u00bb transform_styles__hover_enabled=\u00bboff|desktop\u00bb background_image__hover=\u00bb\u00bb background_color__hover=\u00bb#00245b\u00bb custom_css_main_element__hover_enabled=\u00bbon|hover\u00bb custom_css_main_element__hover=\u00bbbackground-size: 120%;\u00bb use_background_color_gradient__hover=\u00bbon\u00bb background_color_gradient_overlays_image__hover=\u00bbon\u00bb body_font_size__hover_enabled=\u00bbon|desktop\u00bb body_font_size__hover=\u00bb15px\u00bb custom_padding__hover_enabled=\u00bbon|hover\u00bb custom_padding__hover=\u00bb20vh||20vh||true|true\u00bb background__hover_enabled=\u00bbon|hover\u00bb background_enable_color__hover=\u00bbon\u00bb background_color_gradient_stops__hover=\u00bbrgba(0,36,91,0.8) 0%|rgba(0,36,91,0.8) 100%\u00bb sticky_enabled=\u00bb0&#8243; disabled_on=\u00bbon|on|off\u00bb][\/et_pb_blurb][\/et_pb_column][\/et_pb_row][\/et_pb_section]<\/p>","protected":false},"excerpt":{"rendered":"<p>Soluciones Integrales para tus ProyectosEn QUACON ofrecemos una amplia gama de servicios adicionales, incluyendo dise\u00f1o de interiores que optimiza cada espacio, administraci\u00f3n eficiente de proyectos, sistemas contra incendios que garantizan seguridad, y dise\u00f1os paisaj\u00edsticos que embellecen el entorno de manera sostenible. Cada servicio est\u00e1 pensado para cumplir con los m\u00e1s altos est\u00e1ndares de calidad y [&hellip;]<\/p>","protected":false},"author":1,"featured_media":0,"parent":0,"menu_order":0,"comment_status":"closed","ping_status":"closed","template":"","meta":{"_et_pb_use_builder":"on","_et_pb_old_content":"","_et_gb_content_width":"","footnotes":""},"class_list":["post-178","page","type-page","status-publish","hentry"],"_links":{"self":[{"href":"https:\/\/quaconrd.com\/en\/wp-json\/wp\/v2\/pages\/178","targetHints":{"allow":["GET"]}}],"collection":[{"href":"https:\/\/quaconrd.com\/en\/wp-json\/wp\/v2\/pages"}],"about":[{"href":"https:\/\/quaconrd.com\/en\/wp-json\/wp\/v2\/types\/page"}],"author":[{"embeddable":true,"href":"https:\/\/quaconrd.com\/en\/wp-json\/wp\/v2\/users\/1"}],"replies":[{"embeddable":true,"href":"https:\/\/quaconrd.com\/en\/wp-json\/wp\/v2\/comments?post=178"}],"version-history":[{"count":14,"href":"https:\/\/quaconrd.com\/en\/wp-json\/wp\/v2\/pages\/178\/revisions"}],"predecessor-version":[{"id":250997,"href":"https:\/\/quaconrd.com\/en\/wp-json\/wp\/v2\/pages\/178\/revisions\/250997"}],"wp:attachment":[{"href":"https:\/\/quaconrd.com\/en\/wp-json\/wp\/v2\/media?parent=178"}],"curies":[{"name":"wp","href":"https:\/\/api.w.org\/{rel}","templated":true}]}}